{"id":107,"date":"2023-10-26T16:21:50","date_gmt":"2023-10-26T16:21:50","guid":{"rendered":"https:\/\/expertosenaire.com\/?page_id=107"},"modified":"2025-03-10T15:25:16","modified_gmt":"2025-03-10T21:25:16","slug":"paquete-inverter-carrier-con-tecnologia-ecoblue","status":"publish","type":"page","link":"https:\/\/expertosenaire.com\/en\/equipos-comerciales\/paquete-inverter-carrier-con-tecnologia-ecoblue\/","title":{"rendered":"Paquete Inverter Carrier con tecnolog\u00eda Ecoblue"},"content":{"rendered":"<div data-elementor-type=\"wp-page\" data-elementor-id=\"107\" class=\"elementor elementor-107\" data-elementor-post-type=\"page\">\n\t\t\t\t<div class=\"elementor-element elementor-element-1336e22 e-flex e-con-boxed e-con e-parent\" data-id=\"1336e22\" data-element_type=\"container\" data-e-type=\"container\" data-settings=\"{&quot;background_background&quot;:&quot;classic&quot;}\">\n\t\t\t\t\t<div class=\"e-con-inner\">\n\t\t\t\t<div class=\"elementor-element elementor-element-54fde247 elementor-widget elementor-widget-heading\" data-id=\"54fde247\" data-element_type=\"widget\" data-e-type=\"widget\" data-widget_type=\"heading.default\">\n\t\t\t\t<div class=\"elementor-widget-container\">\n\t\t\t\t\t<h2 class=\"elementor-heading-title elementor-size-default\">CARRIER INVERTER PACKAGE<br> WITH ECOBLUE TECHNOLOGY<\/h2>\t\t\t\t<\/div>\n\t\t\t\t<\/div>\n\t\t\t\t<div class=\"elementor-element elementor-element-2602547b elementor-widget elementor-widget-text-editor\" data-id=\"2602547b\" data-element_type=\"widget\" data-e-type=\"widget\" data-widget_type=\"text-editor.default\">\n\t\t\t\t<div class=\"elementor-widget-container\">\n\t\t\t\t\t\t\t\t\t<p>Home \/ Equipment \/ Commercial<\/p>\t\t\t\t\t\t\t\t<\/div>\n\t\t\t\t<\/div>\n\t\t\t\t\t<\/div>\n\t\t\t\t<\/div>\n\t\t<div class=\"elementor-element elementor-element-77ffe32a e-flex e-con-boxed e-con e-parent\" data-id=\"77ffe32a\" data-element_type=\"container\" data-e-type=\"container\">\n\t\t\t\t\t<div class=\"e-con-inner\">\n\t\t<div class=\"elementor-element elementor-element-6518959d e-con-full e-flex e-con e-child\" data-id=\"6518959d\" data-element_type=\"container\" data-e-type=\"container\">\n\t\t\t\t<div class=\"elementor-element elementor-element-3ceb62e5 elementor-arrows-position-inside elementor-widget elementor-widget-image-carousel\" data-id=\"3ceb62e5\" data-element_type=\"widget\" data-e-type=\"widget\" data-settings=\"{&quot;slides_to_show&quot;:&quot;1&quot;,&quot;navigation&quot;:&quot;arrows&quot;,&quot;autoplay&quot;:&quot;yes&quot;,&quot;pause_on_hover&quot;:&quot;yes&quot;,&quot;pause_on_interaction&quot;:&quot;yes&quot;,&quot;autoplay_speed&quot;:5000,&quot;infinite&quot;:&quot;yes&quot;,&quot;effect&quot;:&quot;slide&quot;,&quot;speed&quot;:500}\" data-widget_type=\"image-carousel.default\">\n\t\t\t\t<div class=\"elementor-widget-container\">\n\t\t\t\t\t\t\t<div class=\"elementor-image-carousel-wrapper swiper\" role=\"region\" aria-roledescription=\"carousel\" aria-label=\"Image Carousel\" dir=\"ltr\">\n\t\t\t<div class=\"elementor-image-carousel swiper-wrapper\" aria-live=\"off\">\n\t\t\t\t\t\t\t\t<div class=\"swiper-slide\" role=\"group\" aria-roledescription=\"slide\" aria-label=\"1 de 3\"><figure class=\"swiper-slide-inner\"><img decoding=\"async\" class=\"swiper-slide-image\" src=\"https:\/\/expertosenaire.com\/wp-content\/uploads\/2023\/10\/Carrier-EcoBlue.jpg\" alt=\"Carrier-EcoBlue.jpg\" \/><\/figure><\/div><div class=\"swiper-slide\" role=\"group\" aria-roledescription=\"slide\" aria-label=\"2 de 3\"><figure class=\"swiper-slide-inner\"><img decoding=\"async\" class=\"swiper-slide-image\" src=\"https:\/\/expertosenaire.com\/wp-content\/uploads\/2023\/10\/EcoBlue.jpg\" alt=\"EcoBlue.jpg\" \/><\/figure><\/div><div class=\"swiper-slide\" role=\"group\" aria-roledescription=\"slide\" aria-label=\"3 de 3\"><figure class=\"swiper-slide-inner\"><img decoding=\"async\" class=\"swiper-slide-image\" src=\"https:\/\/expertosenaire.com\/wp-content\/uploads\/2023\/10\/48JC-Featured-Image.jpg\" alt=\"48JC-Featured-Image.jpg\" \/><\/figure><\/div>\t\t\t<\/div>\n\t\t\t\t\t\t\t\t\t\t\t\t<div class=\"elementor-swiper-button elementor-swiper-button-prev\" role=\"button\" tabindex=\"0\">\n\t\t\t\t\t\t<svg aria-hidden=\"true\" class=\"e-font-icon-svg e-eicon-chevron-left\" viewbox=\"0 0 1000 1000\" xmlns=\"http:\/\/www.w3.org\/2000\/svg\"><path d=\"M646 125C629 125 613 133 604 142L308 442C296 454 292 471 292 487 292 504 296 521 308 533L604 854C617 867 629 875 646 875 663 875 679 871 692 858 704 846 713 829 713 812 713 796 708 779 692 767L438 487 692 225C700 217 708 204 708 187 708 171 704 154 692 142 675 129 663 125 646 125Z\"><\/path><\/svg>\t\t\t\t\t<\/div>\n\t\t\t\t\t<div class=\"elementor-swiper-button elementor-swiper-button-next\" role=\"button\" tabindex=\"0\">\n\t\t\t\t\t\t<svg aria-hidden=\"true\" class=\"e-font-icon-svg e-eicon-chevron-right\" viewbox=\"0 0 1000 1000\" xmlns=\"http:\/\/www.w3.org\/2000\/svg\"><path d=\"M696 533C708 521 713 504 713 487 713 471 708 454 696 446L400 146C388 133 375 125 354 125 338 125 325 129 313 142 300 154 292 171 292 187 292 204 296 221 308 233L563 492 304 771C292 783 288 800 288 817 288 833 296 850 308 863 321 871 338 875 354 875 371 875 388 867 400 854L696 533Z\"><\/path><\/svg>\t\t\t\t\t<\/div>\n\t\t\t\t\n\t\t\t\t\t\t\t\t\t<\/div>\n\t\t\t\t\t\t<\/div>\n\t\t\t\t<\/div>\n\t\t\t\t<\/div>\n\t\t<div class=\"elementor-element elementor-element-2f7ebfde e-con-full e-flex e-con e-child\" data-id=\"2f7ebfde\" data-element_type=\"container\" data-e-type=\"container\">\n\t\t\t\t<div class=\"elementor-element elementor-element-797e35c elementor-widget elementor-widget-heading\" data-id=\"797e35c\" data-element_type=\"widget\" data-e-type=\"widget\" data-widget_type=\"heading.default\">\n\t\t\t\t<div class=\"elementor-widget-container\">\n\t\t\t\t\t<h2 class=\"elementor-heading-title elementor-size-default\">Carrier Inverter Package<br>with Ecoblue technology<\/h2>\t\t\t\t<\/div>\n\t\t\t\t<\/div>\n\t\t\t\t<div class=\"elementor-element elementor-element-2aefb74e elementor-widget elementor-widget-text-editor\" data-id=\"2aefb74e\" data-element_type=\"widget\" data-e-type=\"widget\" data-widget_type=\"text-editor.default\">\n\t\t\t\t<div class=\"elementor-widget-container\">\n\t\t\t\t\t\t\t\t\t<p>Carrier's EcoBlue technology includes a more compact axial vane fan, which is an industry first for package units, along with a simplified design that helps reduce installation and maintenance costs.<br \/><br \/><br \/><strong>Main characteristics:<br \/><\/strong><br \/><br \/>- 75% fewer moving parts.<br \/><br \/>Intuitive controls for adjusting the speed of the<br \/>fan.<br \/><br \/>- Up to 40% more energy efficiency.<br \/><br \/>- No belts or pulleys.<br \/><br \/>- Without axles.<br \/><br \/>- Available in 3, 4 and 5 tons.<\/p>\t\t\t\t\t\t\t\t<\/div>\n\t\t\t\t<\/div>\n\t\t\t\t<\/div>\n\t\t\t\t\t<\/div>\n\t\t\t\t<\/div>\n\t\t<div class=\"elementor-element elementor-element-6dfa8e45 e-flex e-con-boxed e-con e-parent\" data-id=\"6dfa8e45\" data-element_type=\"container\" data-e-type=\"container\" data-settings=\"{&quot;background_background&quot;:&quot;classic&quot;}\">\n\t\t\t\t\t<div class=\"e-con-inner\">\n\t\t<div class=\"elementor-element elementor-element-b620e0a e-flex e-con-boxed e-con e-child\" data-id=\"b620e0a\" data-element_type=\"container\" data-e-type=\"container\">\n\t\t\t\t\t<div class=\"e-con-inner\">\n\t\t<div class=\"elementor-element elementor-element-63509c54 e-con-full e-flex e-con e-child\" data-id=\"63509c54\" data-element_type=\"container\" data-e-type=\"container\">\n\t\t\t\t<div class=\"elementor-element elementor-element-66cd50fb elementor-widget elementor-widget-heading\" data-id=\"66cd50fb\" data-element_type=\"widget\" data-e-type=\"widget\" data-widget_type=\"heading.default\">\n\t\t\t\t<div class=\"elementor-widget-container\">\n\t\t\t\t\t<h2 class=\"elementor-heading-title elementor-size-default\">1 year warranty on spare parts\nand 5 years on compressor.<\/h2>\t\t\t\t<\/div>\n\t\t\t\t<\/div>\n\t\t\t\t<\/div>\n\t\t<div class=\"elementor-element elementor-element-bc04bdb e-flex e-con-boxed e-con e-child\" data-id=\"bc04bdb\" data-element_type=\"container\" data-e-type=\"container\">\n\t\t\t\t\t<div class=\"e-con-inner\">\n\t\t\t\t<div class=\"elementor-element elementor-element-64b4063c elementor-align-center elementor-widget elementor-widget-button\" data-id=\"64b4063c\" data-element_type=\"widget\" data-e-type=\"widget\" data-widget_type=\"button.default\">\n\t\t\t\t<div class=\"elementor-widget-container\">\n\t\t\t\t\t\t\t\t\t<div class=\"elementor-button-wrapper\">\n\t\t\t\t\t<a class=\"elementor-button elementor-button-link elementor-size-sm\" href=\"https:\/\/api.whatsapp.com\/send?phone=5218128603509&#038;text=Hola%2C%20quiero%20m%C3%A1s%20informaci%C3%B3n%20sobre%20sus%20servicios%20por%20favor\" target=\"_blank\" rel=\"noopener\">\n\t\t\t\t\t\t<span class=\"elementor-button-content-wrapper\">\n\t\t\t\t\t\t\t\t\t<span class=\"elementor-button-text\">Quote now<\/span>\n\t\t\t\t\t<\/span>\n\t\t\t\t\t<\/a>\n\t\t\t\t<\/div>\n\t\t\t\t\t\t\t\t<\/div>\n\t\t\t\t<\/div>\n\t\t\t\t\t<\/div>\n\t\t\t\t<\/div>\n\t\t\t\t\t<\/div>\n\t\t\t\t<\/div>\n\t\t\t\t\t<\/div>\n\t\t\t\t<\/div>\n\t\t<div class=\"elementor-element elementor-element-28508545 e-flex e-con-boxed e-con e-parent\" data-id=\"28508545\" data-element_type=\"container\" data-e-type=\"container\">\n\t\t\t\t\t<div class=\"e-con-inner\">\n\t\t\t\t<div class=\"elementor-element elementor-element-24a64b93 elementor-widget-divider--view-line_text elementor-widget-divider--element-align-right elementor-widget elementor-widget-divider\" data-id=\"24a64b93\" data-element_type=\"widget\" data-e-type=\"widget\" data-widget_type=\"divider.default\">\n\t\t\t\t<div class=\"elementor-widget-container\">\n\t\t\t\t\t\t\t<div class=\"elementor-divider\">\n\t\t\t<span class=\"elementor-divider-separator\">\n\t\t\t\t\t\t\t<span class=\"elementor-divider__text elementor-divider__element\">\n\t\t\t\tOur equipment\t\t\t\t<\/span>\n\t\t\t\t\t\t<\/span>\n\t\t<\/div>\n\t\t\t\t\t\t<\/div>\n\t\t\t\t<\/div>\n\t\t\t\t<div class=\"elementor-element elementor-element-27a02eaa elementor-widget elementor-widget-heading\" data-id=\"27a02eaa\" data-element_type=\"widget\" data-e-type=\"widget\" data-widget_type=\"heading.default\">\n\t\t\t\t<div class=\"elementor-widget-container\">\n\t\t\t\t\t<h2 class=\"elementor-heading-title elementor-size-default\">Equipment catalog<\/h2>\t\t\t\t<\/div>\n\t\t\t\t<\/div>\n\t\t\t\t<div class=\"elementor-element elementor-element-23d22f0b elementor-widget elementor-widget-text-editor\" data-id=\"23d22f0b\" data-element_type=\"widget\" data-e-type=\"widget\" data-widget_type=\"text-editor.default\">\n\t\t\t\t<div class=\"elementor-widget-container\">\n\t\t\t\t\t\t\t\t\tDiscover the best equipment for your industrial, commercial and residential project.\t\t\t\t\t\t\t\t<\/div>\n\t\t\t\t<\/div>\n\t\t<div class=\"elementor-element elementor-element-1d3b4916 e-flex e-con-boxed e-con e-child\" data-id=\"1d3b4916\" data-element_type=\"container\" data-e-type=\"container\">\n\t\t\t\t\t<div class=\"e-con-inner\">\n\t\t<div class=\"elementor-element elementor-element-757fafa4 e-flex e-con-boxed e-con e-child\" data-id=\"757fafa4\" data-element_type=\"container\" data-e-type=\"container\">\n\t\t\t\t\t<div class=\"e-con-inner\">\n\t\t\t\t<div class=\"elementor-element elementor-element-789677fb elementor-position-top elementor-widget elementor-widget-image-box\" data-id=\"789677fb\" data-element_type=\"widget\" data-e-type=\"widget\" data-widget_type=\"image-box.default\">\n\t\t\t\t<div class=\"elementor-widget-container\">\n\t\t\t\t\t<div class=\"elementor-image-box-wrapper\"><figure class=\"elementor-image-box-img\"><img fetchpriority=\"high\" decoding=\"async\" width=\"1472\" height=\"668\" src=\"https:\/\/expertosenaire.com\/wp-content\/uploads\/2023\/10\/Producto-01.png\" class=\"attachment-full size-full wp-image-83\" alt=\"\" srcset=\"https:\/\/expertosenaire.com\/wp-content\/uploads\/2023\/10\/Producto-01.png 1472w, https:\/\/expertosenaire.com\/wp-content\/uploads\/2023\/10\/Producto-01-600x272.png 600w, https:\/\/expertosenaire.com\/wp-content\/uploads\/2023\/10\/Producto-01-300x136.png 300w, https:\/\/expertosenaire.com\/wp-content\/uploads\/2023\/10\/Producto-01-1024x465.png 1024w, https:\/\/expertosenaire.com\/wp-content\/uploads\/2023\/10\/Producto-01-768x349.png 768w\" sizes=\"(max-width: 1472px) 100vw, 1472px\" \/><\/figure><div class=\"elementor-image-box-content\"><h3 class=\"elementor-image-box-title\">Residential equipment<\/h3><p class=\"elementor-image-box-description\"><a href=\"\/en\/equipos-residenciales\/\"><span style=\"color: #34c2e7\">+ See all<\/span><\/a><\/p><\/div><\/div>\t\t\t\t<\/div>\n\t\t\t\t<\/div>\n\t\t\t\t\t<\/div>\n\t\t\t\t<\/div>\n\t\t<div class=\"elementor-element elementor-element-4ee58a86 e-flex e-con-boxed e-con e-child\" data-id=\"4ee58a86\" data-element_type=\"container\" data-e-type=\"container\">\n\t\t\t\t\t<div class=\"e-con-inner\">\n\t\t\t\t<div class=\"elementor-element elementor-element-6ff3546c elementor-position-top elementor-widget elementor-widget-image-box\" data-id=\"6ff3546c\" data-element_type=\"widget\" data-e-type=\"widget\" data-widget_type=\"image-box.default\">\n\t\t\t\t<div class=\"elementor-widget-container\">\n\t\t\t\t\t<div class=\"elementor-image-box-wrapper\"><figure class=\"elementor-image-box-img\"><img decoding=\"async\" width=\"600\" height=\"300\" src=\"https:\/\/expertosenaire.com\/wp-content\/uploads\/2023\/10\/Producto-06.png\" class=\"attachment-full size-full wp-image-84\" alt=\"\" srcset=\"https:\/\/expertosenaire.com\/wp-content\/uploads\/2023\/10\/Producto-06.png 600w, https:\/\/expertosenaire.com\/wp-content\/uploads\/2023\/10\/Producto-06-300x150.png 300w\" sizes=\"(max-width: 600px) 100vw, 600px\" \/><\/figure><div class=\"elementor-image-box-content\"><h3 class=\"elementor-image-box-title\">Commercial teams<\/h3><p class=\"elementor-image-box-description\"><a href=\"\/en\/equipos-comerciales\/\"><span style=\"color: #34c2e7\">+ See all<\/span><\/a><\/p><\/div><\/div>\t\t\t\t<\/div>\n\t\t\t\t<\/div>\n\t\t\t\t\t<\/div>\n\t\t\t\t<\/div>\n\t\t<div class=\"elementor-element elementor-element-59297eba e-flex e-con-boxed e-con e-child\" data-id=\"59297eba\" data-element_type=\"container\" data-e-type=\"container\">\n\t\t\t\t\t<div class=\"e-con-inner\">\n\t\t\t\t<div class=\"elementor-element elementor-element-716c1b19 elementor-position-top elementor-widget elementor-widget-image-box\" data-id=\"716c1b19\" data-element_type=\"widget\" data-e-type=\"widget\" data-widget_type=\"image-box.default\">\n\t\t\t\t<div class=\"elementor-widget-container\">\n\t\t\t\t\t<div class=\"elementor-image-box-wrapper\"><figure class=\"elementor-image-box-img\"><img decoding=\"async\" width=\"600\" height=\"300\" src=\"https:\/\/expertosenaire.com\/wp-content\/uploads\/2023\/10\/Producto-07.png\" class=\"attachment-full size-full wp-image-85\" alt=\"\" srcset=\"https:\/\/expertosenaire.com\/wp-content\/uploads\/2023\/10\/Producto-07.png 600w, https:\/\/expertosenaire.com\/wp-content\/uploads\/2023\/10\/Producto-07-300x150.png 300w\" sizes=\"(max-width: 600px) 100vw, 600px\" \/><\/figure><div class=\"elementor-image-box-content\"><h3 class=\"elementor-image-box-title\">Industrial equipment<\/h3><p class=\"elementor-image-box-description\"><a href=\"\/en\/equipos-industriales\/\"><span style=\"color: #34c2e7\">+ See all<\/span><\/a><\/p><\/div><\/div>\t\t\t\t<\/div>\n\t\t\t\t<\/div>\n\t\t\t\t\t<\/div>\n\t\t\t\t<\/div>\n\t\t\t\t\t<\/div>\n\t\t\t\t<\/div>\n\t\t\t\t\t<\/div>\n\t\t\t\t<\/div>\n\t\t<div class=\"elementor-element elementor-element-120455a3 e-flex e-con-boxed e-con e-parent\" data-id=\"120455a3\" data-element_type=\"container\" data-e-type=\"container\">\n\t\t\t\t\t<div class=\"e-con-inner\">\n\t\t<div class=\"elementor-element elementor-element-2ad0a5e9 e-flex e-con-boxed e-con e-child\" data-id=\"2ad0a5e9\" data-element_type=\"container\" data-e-type=\"container\">\n\t\t\t\t\t<div class=\"e-con-inner\">\n\t\t<div class=\"elementor-element elementor-element-5956b81b e-flex e-con-boxed e-con e-child\" data-id=\"5956b81b\" data-element_type=\"container\" data-e-type=\"container\">\n\t\t\t\t\t<div class=\"e-con-inner\">\n\t\t\t\t<div class=\"elementor-element elementor-element-609d5100 elementor-widget-divider--view-line_text elementor-widget-divider--element-align-right elementor-widget elementor-widget-divider\" data-id=\"609d5100\" data-element_type=\"widget\" data-e-type=\"widget\" data-widget_type=\"divider.default\">\n\t\t\t\t<div class=\"elementor-widget-container\">\n\t\t\t\t\t\t\t<div class=\"elementor-divider\">\n\t\t\t<span class=\"elementor-divider-separator\">\n\t\t\t\t\t\t\t<span class=\"elementor-divider__text elementor-divider__element\">\n\t\t\t\tBlog\t\t\t\t<\/span>\n\t\t\t\t\t\t<\/span>\n\t\t<\/div>\n\t\t\t\t\t\t<\/div>\n\t\t\t\t<\/div>\n\t\t\t\t<div class=\"elementor-element elementor-element-450cca45 elementor-widget elementor-widget-heading\" data-id=\"450cca45\" data-element_type=\"widget\" data-e-type=\"widget\" data-widget_type=\"heading.default\">\n\t\t\t\t<div class=\"elementor-widget-container\">\n\t\t\t\t\t<h2 class=\"elementor-heading-title elementor-size-default\">Read our latest blog posts<\/h2>\t\t\t\t<\/div>\n\t\t\t\t<\/div>\n\t\t\t\t\t<\/div>\n\t\t\t\t<\/div>\n\t\t<div class=\"elementor-element elementor-element-48aa75c e-flex e-con-boxed e-con e-child\" data-id=\"48aa75c\" data-element_type=\"container\" data-e-type=\"container\">\n\t\t\t\t\t<div class=\"e-con-inner\">\n\t\t\t\t<div class=\"elementor-element elementor-element-73b38e04 elementor-align-center elementor-widget elementor-widget-button\" data-id=\"73b38e04\" data-element_type=\"widget\" data-e-type=\"widget\" data-widget_type=\"button.default\">\n\t\t\t\t<div class=\"elementor-widget-container\">\n\t\t\t\t\t\t\t\t\t<div class=\"elementor-button-wrapper\">\n\t\t\t\t\t<a class=\"elementor-button elementor-button-link elementor-size-lg\" href=\"\/en\/blog\/\">\n\t\t\t\t\t\t<span class=\"elementor-button-content-wrapper\">\n\t\t\t\t\t\t\t\t\t<span class=\"elementor-button-text\">All entries<\/span>\n\t\t\t\t\t<\/span>\n\t\t\t\t\t<\/a>\n\t\t\t\t<\/div>\n\t\t\t\t\t\t\t\t<\/div>\n\t\t\t\t<\/div>\n\t\t\t\t\t<\/div>\n\t\t\t\t<\/div>\n\t\t\t\t\t<\/div>\n\t\t\t\t<\/div>\n\t\t\t\t<div class=\"elementor-element elementor-element-ec7ae98 elementor-posts--align-center elementor-grid-3 elementor-grid-tablet-2 elementor-grid-mobile-1 elementor-posts--thumbnail-top elementor-widget elementor-widget-posts\" data-id=\"ec7ae98\" data-element_type=\"widget\" data-e-type=\"widget\" data-settings=\"{&quot;classic_columns&quot;:&quot;3&quot;,&quot;classic_columns_tablet&quot;:&quot;2&quot;,&quot;classic_columns_mobile&quot;:&quot;1&quot;,&quot;classic_row_gap&quot;:{&quot;unit&quot;:&quot;px&quot;,&quot;size&quot;:35,&quot;sizes&quot;:[]},&quot;classic_row_gap_tablet&quot;:{&quot;unit&quot;:&quot;px&quot;,&quot;size&quot;:&quot;&quot;,&quot;sizes&quot;:[]},&quot;classic_row_gap_mobile&quot;:{&quot;unit&quot;:&quot;px&quot;,&quot;size&quot;:&quot;&quot;,&quot;sizes&quot;:[]}}\" data-widget_type=\"posts.classic\">\n\t\t\t\t<div class=\"elementor-widget-container\">\n\t\t\t\t\t\t\t<div class=\"elementor-posts-container elementor-posts elementor-posts--skin-classic elementor-grid\" role=\"list\">\n\t\t\t\t<article class=\"elementor-post elementor-grid-item post-529 post type-post status-publish format-standard has-post-thumbnail hentry category-general\" role=\"listitem\">\n\t\t\t\t<a class=\"elementor-post__thumbnail__link\" href=\"https:\/\/expertosenaire.com\/en\/la-importancia-del-mantenimiento-en-el-aire-acondicionado\/\" tabindex=\"-1\">\n\t\t\t<div class=\"elementor-post__thumbnail\"><img loading=\"lazy\" decoding=\"async\" width=\"700\" height=\"467\" src=\"https:\/\/expertosenaire.com\/wp-content\/uploads\/2023\/10\/blog-01.jpg\" class=\"attachment-full size-full wp-image-926\" alt=\"Mantenimiento\" srcset=\"https:\/\/expertosenaire.com\/wp-content\/uploads\/2023\/10\/blog-01.jpg 700w, https:\/\/expertosenaire.com\/wp-content\/uploads\/2023\/10\/blog-01-600x400.jpg 600w, https:\/\/expertosenaire.com\/wp-content\/uploads\/2023\/10\/blog-01-300x200.jpg 300w\" sizes=\"(max-width: 700px) 100vw, 700px\" \/><\/div>\n\t\t<\/a>\n\t\t\t\t<div class=\"elementor-post__text\">\n\t\t\t\t<h3 class=\"elementor-post__title\">\n\t\t\t<a href=\"https:\/\/expertosenaire.com\/en\/la-importancia-del-mantenimiento-en-el-aire-acondicionado\/\">\n\t\t\t\tThe importance of air conditioner maintenance\t\t\t<\/a>\n\t\t<\/h3>\n\t\t\t\t<div class=\"elementor-post__excerpt\">\n\t\t\t<p>Air conditioner maintenance is essential to prolong the life of the air conditioner and avoid problems. This process ensures efficient operation and brings with it a number of benefits<\/p>\n\t\t<\/div>\n\t\t\t\t\t<div class=\"elementor-post__read-more-wrapper\">\n\t\t\n\t\t<a class=\"elementor-post__read-more\" href=\"https:\/\/expertosenaire.com\/en\/la-importancia-del-mantenimiento-en-el-aire-acondicionado\/\" aria-label=\"Read more about La importancia del mantenimiento en el aire acondicionado\" tabindex=\"-1\" target=\"_blank\">\n\t\t\t+Read more\t\t<\/a>\n\n\t\t\t\t\t<\/div>\n\t\t\t\t<\/div>\n\t\t\t\t<\/article>\n\t\t\t\t<article class=\"elementor-post elementor-grid-item post-527 post type-post status-publish format-standard has-post-thumbnail hentry category-general\" role=\"listitem\">\n\t\t\t\t<a class=\"elementor-post__thumbnail__link\" href=\"https:\/\/expertosenaire.com\/en\/que-es-el-confort-sustentable\/\" tabindex=\"-1\">\n\t\t\t<div class=\"elementor-post__thumbnail\"><img loading=\"lazy\" decoding=\"async\" width=\"700\" height=\"467\" src=\"https:\/\/expertosenaire.com\/wp-content\/uploads\/2023\/10\/blog-02.jpg\" class=\"attachment-full size-full wp-image-931\" alt=\"Confort\" srcset=\"https:\/\/expertosenaire.com\/wp-content\/uploads\/2023\/10\/blog-02.jpg 700w, https:\/\/expertosenaire.com\/wp-content\/uploads\/2023\/10\/blog-02-600x400.jpg 600w, https:\/\/expertosenaire.com\/wp-content\/uploads\/2023\/10\/blog-02-300x200.jpg 300w\" sizes=\"(max-width: 700px) 100vw, 700px\" \/><\/div>\n\t\t<\/a>\n\t\t\t\t<div class=\"elementor-post__text\">\n\t\t\t\t<h3 class=\"elementor-post__title\">\n\t\t\t<a href=\"https:\/\/expertosenaire.com\/en\/que-es-el-confort-sustentable\/\">\n\t\t\t\tWhat is Sustainable Comfort?\t\t\t<\/a>\n\t\t<\/h3>\n\t\t\t\t<div class=\"elementor-post__excerpt\">\n\t\t\t<p>We call it the way or the way to enjoy the space in which we find ourselves with the least amount of energy to achieve it.  It is<\/p>\n\t\t<\/div>\n\t\t\t\t\t<div class=\"elementor-post__read-more-wrapper\">\n\t\t\n\t\t<a class=\"elementor-post__read-more\" href=\"https:\/\/expertosenaire.com\/en\/que-es-el-confort-sustentable\/\" aria-label=\"Read more about \u00bfQu\u00e9 es el confort sustentable?\" tabindex=\"-1\" target=\"_blank\">\n\t\t\t+Read more\t\t<\/a>\n\n\t\t\t\t\t<\/div>\n\t\t\t\t<\/div>\n\t\t\t\t<\/article>\n\t\t\t\t<article class=\"elementor-post elementor-grid-item post-525 post type-post status-publish format-standard has-post-thumbnail hentry category-general\" role=\"listitem\">\n\t\t\t\t<a class=\"elementor-post__thumbnail__link\" href=\"https:\/\/expertosenaire.com\/en\/sabes-de-cuantas-toneladas-necesitas-comprar-tu-minisplit\/\" tabindex=\"-1\">\n\t\t\t<div class=\"elementor-post__thumbnail\"><img loading=\"lazy\" decoding=\"async\" width=\"700\" height=\"467\" src=\"https:\/\/expertosenaire.com\/wp-content\/uploads\/2023\/10\/blog-03.jpg\" class=\"attachment-full size-full wp-image-935\" alt=\"\" srcset=\"https:\/\/expertosenaire.com\/wp-content\/uploads\/2023\/10\/blog-03.jpg 700w, https:\/\/expertosenaire.com\/wp-content\/uploads\/2023\/10\/blog-03-600x400.jpg 600w, https:\/\/expertosenaire.com\/wp-content\/uploads\/2023\/10\/blog-03-300x200.jpg 300w\" sizes=\"(max-width: 700px) 100vw, 700px\" \/><\/div>\n\t\t<\/a>\n\t\t\t\t<div class=\"elementor-post__text\">\n\t\t\t\t<h3 class=\"elementor-post__title\">\n\t\t\t<a href=\"https:\/\/expertosenaire.com\/en\/sabes-de-cuantas-toneladas-necesitas-comprar-tu-minisplit\/\">\n\t\t\t\tDo you know how many tons you need to buy your minisplit?\t\t\t<\/a>\n\t\t<\/h3>\n\t\t\t\t<div class=\"elementor-post__excerpt\">\n\t\t\t<p>Important points before buying your minisplit: How to select your air conditioner?  Zones: Zone 1 Zone 2 Zone 2 Zone 3 Zone 4&nbsp;<\/p>\n\t\t<\/div>\n\t\t\t\t\t<div class=\"elementor-post__read-more-wrapper\">\n\t\t\n\t\t<a class=\"elementor-post__read-more\" href=\"https:\/\/expertosenaire.com\/en\/sabes-de-cuantas-toneladas-necesitas-comprar-tu-minisplit\/\" aria-label=\"Read more about \u00bfSabes de cu\u00e1ntas toneladas necesitas comprar tu minisplit?\" tabindex=\"-1\" target=\"_blank\">\n\t\t\t+Read more\t\t<\/a>\n\n\t\t\t\t\t<\/div>\n\t\t\t\t<\/div>\n\t\t\t\t<\/article>\n\t\t\t\t<\/div>\n\t\t\n\t\t\t\t\t\t<\/div>\n\t\t\t\t<\/div>\n\t\t\t\t\t<\/div>\n\t\t\t\t<\/div>\n\t\t\t\t<\/div>","protected":false},"excerpt":{"rendered":"<p>PAQUETE INVERTER CARRIER CON TECNOLOG\u00cdA ECOBLUE Inicio \/ Equipos \/ Comerciales Paquete Inverter Carriercon tecnolog\u00eda Ecoblue La tecnolog\u00eda EcoBlue de Carrier incluye un ventilador axial de paletas m\u00e1s compacto, que es una primicia en la industria para unidades paquete, junto con un dise\u00f1o simplificado que ayuda a reducir los costos de instalaci\u00f3n y mantenimiento. Caracter\u00edsticas [&hellip;]<\/p>\n","protected":false},"author":1,"featured_media":0,"parent":65,"menu_order":0,"comment_status":"closed","ping_status":"closed","template":"","meta":{"footnotes":""},"class_list":["post-107","page","type-page","status-publish","hentry"],"_links":{"self":[{"href":"https:\/\/expertosenaire.com\/en\/wp-json\/wp\/v2\/pages\/107","targetHints":{"allow":["GET"]}}],"collection":[{"href":"https:\/\/expertosenaire.com\/en\/wp-json\/wp\/v2\/pages"}],"about":[{"href":"https:\/\/expertosenaire.com\/en\/wp-json\/wp\/v2\/types\/page"}],"author":[{"embeddable":true,"href":"https:\/\/expertosenaire.com\/en\/wp-json\/wp\/v2\/users\/1"}],"replies":[{"embeddable":true,"href":"https:\/\/expertosenaire.com\/en\/wp-json\/wp\/v2\/comments?post=107"}],"version-history":[{"count":19,"href":"https:\/\/expertosenaire.com\/en\/wp-json\/wp\/v2\/pages\/107\/revisions"}],"predecessor-version":[{"id":1284,"href":"https:\/\/expertosenaire.com\/en\/wp-json\/wp\/v2\/pages\/107\/revisions\/1284"}],"up":[{"embeddable":true,"href":"https:\/\/expertosenaire.com\/en\/wp-json\/wp\/v2\/pages\/65"}],"wp:attachment":[{"href":"https:\/\/expertosenaire.com\/en\/wp-json\/wp\/v2\/media?parent=107"}],"curies":[{"name":"wp","href":"https:\/\/api.w.org\/{rel}","templated":true}]}}