{"id":135,"date":"2023-10-26T16:27:01","date_gmt":"2023-10-26T16:27:01","guid":{"rendered":"https:\/\/expertosenaire.com\/?page_id=135"},"modified":"2023-10-27T22:06:55","modified_gmt":"2023-10-27T22:06:55","slug":"equipos-industriales","status":"publish","type":"page","link":"https:\/\/expertosenaire.com\/en\/equipos-industriales\/","title":{"rendered":"Industrial equipment"},"content":{"rendered":"<div data-elementor-type=\"wp-page\" data-elementor-id=\"135\" class=\"elementor elementor-135\" data-elementor-post-type=\"page\">\n\t\t\t\t<div class=\"elementor-element elementor-element-42ca5369 e-flex e-con-boxed e-con e-parent\" data-id=\"42ca5369\" data-element_type=\"container\" data-e-type=\"container\" data-settings=\"{&quot;background_background&quot;:&quot;classic&quot;}\">\n\t\t\t\t\t<div class=\"e-con-inner\">\n\t\t\t\t<div class=\"elementor-element elementor-element-1507c93 elementor-widget elementor-widget-heading\" data-id=\"1507c93\" data-element_type=\"widget\" data-e-type=\"widget\" data-widget_type=\"heading.default\">\n\t\t\t\t<div class=\"elementor-widget-container\">\n\t\t\t\t\t<h2 class=\"elementor-heading-title elementor-size-default\">Industrial equipment<\/h2>\t\t\t\t<\/div>\n\t\t\t\t<\/div>\n\t\t\t\t<div class=\"elementor-element elementor-element-5428d925 elementor-widget elementor-widget-text-editor\" data-id=\"5428d925\" data-element_type=\"widget\" data-e-type=\"widget\" data-widget_type=\"text-editor.default\">\n\t\t\t\t<div class=\"elementor-widget-container\">\n\t\t\t\t\t\t\t\t\t<p>Home \/ Equipment \/ Industrial<\/p>\t\t\t\t\t\t\t\t<\/div>\n\t\t\t\t<\/div>\n\t\t\t\t\t<\/div>\n\t\t\t\t<\/div>\n\t\t<div class=\"elementor-element elementor-element-15d73661 e-flex e-con-boxed e-con e-parent\" data-id=\"15d73661\" data-element_type=\"container\" data-e-type=\"container\">\n\t\t\t\t\t<div class=\"e-con-inner\">\n\t\t<div class=\"elementor-element elementor-element-44fd8d05 e-con-full e-flex e-con e-child\" data-id=\"44fd8d05\" data-element_type=\"container\" data-e-type=\"container\">\n\t\t\t\t<div class=\"elementor-element elementor-element-316b2b62 elementor-position-top elementor-widget elementor-widget-image-box\" data-id=\"316b2b62\" data-element_type=\"widget\" data-e-type=\"widget\" data-widget_type=\"image-box.default\">\n\t\t\t\t<div class=\"elementor-widget-container\">\n\t\t\t\t\t<div class=\"elementor-image-box-wrapper\"><figure class=\"elementor-image-box-img\"><a href=\"\/en\/equipos-industriales\/chillers-carrier-enfriados-por-agua\/\" tabindex=\"-1\"><img fetchpriority=\"high\" decoding=\"async\" width=\"550\" height=\"340\" src=\"https:\/\/expertosenaire.com\/wp-content\/uploads\/2023\/10\/Chillers-Carrier-Enfriados-por-Agua.png\" class=\"elementor-animation-grow attachment-full size-full wp-image-137\" alt=\"equipos industriales\" srcset=\"https:\/\/expertosenaire.com\/wp-content\/uploads\/2023\/10\/Chillers-Carrier-Enfriados-por-Agua.png 550w, https:\/\/expertosenaire.com\/wp-content\/uploads\/2023\/10\/Chillers-Carrier-Enfriados-por-Agua-300x185.png 300w\" sizes=\"(max-width: 550px) 100vw, 550px\" \/><\/a><\/figure><div class=\"elementor-image-box-content\"><h3 class=\"elementor-image-box-title\"><a href=\"\/en\/equipos-industriales\/chillers-carrier-enfriados-por-agua\/\">Water-Cooled Carrier Chillers<\/a><\/h3><p class=\"elementor-image-box-description\"><a href=\"\/en\/equipos-industriales\/chillers-carrier-enfriados-por-agua\/\"><span style=\"color: #34c2e7\">+ more information<\/span><\/a><\/p><\/div><\/div>\t\t\t\t<\/div>\n\t\t\t\t<\/div>\n\t\t\t\t<\/div>\n\t\t<div class=\"elementor-element elementor-element-7944d8f8 e-con-full e-flex e-con e-child\" data-id=\"7944d8f8\" data-element_type=\"container\" data-e-type=\"container\">\n\t\t\t\t<div class=\"elementor-element elementor-element-cc4730f elementor-position-top elementor-widget elementor-widget-image-box\" data-id=\"cc4730f\" data-element_type=\"widget\" data-e-type=\"widget\" data-widget_type=\"image-box.default\">\n\t\t\t\t<div class=\"elementor-widget-container\">\n\t\t\t\t\t<div class=\"elementor-image-box-wrapper\"><figure class=\"elementor-image-box-img\"><a href=\"\/en\/equipos-industriales\/chillers-enfriados-por-aire\/\" tabindex=\"-1\"><img decoding=\"async\" width=\"550\" height=\"340\" src=\"https:\/\/expertosenaire.com\/wp-content\/uploads\/2023\/10\/Chillers-Carrier-Enfriados-por-Aire.png\" class=\"elementor-animation-grow attachment-full size-full wp-image-138\" alt=\"equipos industriales\" srcset=\"https:\/\/expertosenaire.com\/wp-content\/uploads\/2023\/10\/Chillers-Carrier-Enfriados-por-Aire.png 550w, https:\/\/expertosenaire.com\/wp-content\/uploads\/2023\/10\/Chillers-Carrier-Enfriados-por-Aire-300x185.png 300w\" sizes=\"(max-width: 550px) 100vw, 550px\" \/><\/a><\/figure><div class=\"elementor-image-box-content\"><h3 class=\"elementor-image-box-title\"><a href=\"\/en\/equipos-industriales\/chillers-enfriados-por-aire\/\">Air-Cooled Carrier Chillers<\/a><\/h3><p class=\"elementor-image-box-description\"><a href=\"\/en\/equipos-industriales\/chillers-enfriados-por-aire\/\"><span style=\"color: #34c2e7\">+ more information<\/span><\/a><\/p><\/div><\/div>\t\t\t\t<\/div>\n\t\t\t\t<\/div>\n\t\t\t\t<\/div>\n\t\t\t\t\t<\/div>\n\t\t\t\t<\/div>\n\t\t<div class=\"elementor-element elementor-element-2a2a972c e-flex e-con-boxed e-con e-parent\" data-id=\"2a2a972c\" data-element_type=\"container\" data-e-type=\"container\">\n\t\t\t\t\t<div class=\"e-con-inner\">\n\t\t<div class=\"elementor-element elementor-element-51c685c8 e-con-full e-flex e-con e-child\" data-id=\"51c685c8\" data-element_type=\"container\" data-e-type=\"container\">\n\t\t\t\t<div class=\"elementor-element elementor-element-16e62fcf elementor-position-top elementor-widget elementor-widget-image-box\" data-id=\"16e62fcf\" data-element_type=\"widget\" data-e-type=\"widget\" data-widget_type=\"image-box.default\">\n\t\t\t\t<div class=\"elementor-widget-container\">\n\t\t\t\t\t<div class=\"elementor-image-box-wrapper\"><figure class=\"elementor-image-box-img\"><a href=\"\/en\/equipos-industriales\/manejadora-de-aire-carrier\/\" tabindex=\"-1\"><img decoding=\"async\" width=\"550\" height=\"340\" src=\"https:\/\/expertosenaire.com\/wp-content\/uploads\/2023\/10\/Manejadoras-de-Aire-Carrier.png\" class=\"elementor-animation-grow attachment-full size-full wp-image-139\" alt=\"equipos industriales\" srcset=\"https:\/\/expertosenaire.com\/wp-content\/uploads\/2023\/10\/Manejadoras-de-Aire-Carrier.png 550w, https:\/\/expertosenaire.com\/wp-content\/uploads\/2023\/10\/Manejadoras-de-Aire-Carrier-300x185.png 300w\" sizes=\"(max-width: 550px) 100vw, 550px\" \/><\/a><\/figure><div class=\"elementor-image-box-content\"><h3 class=\"elementor-image-box-title\"><a href=\"\/en\/equipos-industriales\/manejadora-de-aire-carrier\/\">Carrier Air Handlers<\/a><\/h3><p class=\"elementor-image-box-description\"><a href=\"\/en\/equipos-industriales\/manejadora-de-aire-carrier\/\"><span style=\"color: #34c2e7\">+ more information<\/span><\/a><\/p><\/div><\/div>\t\t\t\t<\/div>\n\t\t\t\t<\/div>\n\t\t\t\t<\/div>\n\t\t\t\t\t<\/div>\n\t\t\t\t<\/div>\n\t\t\t\t<\/div>","protected":false},"excerpt":{"rendered":"<p>Equipos industriales Inicio \/ Equipos \/ Industriales Chillers Carrier Enfriados por Agua + M\u00e1s informaci\u00f3n Chillers Carrier Enfriados por Aire + M\u00e1s informaci\u00f3n Manejadoras de Aire Carrier + M\u00e1s informaci\u00f3n<\/p>","protected":false},"author":1,"featured_media":0,"parent":0,"menu_order":0,"comment_status":"closed","ping_status":"closed","template":"","meta":{"footnotes":""},"class_list":["post-135","page","type-page","status-publish","hentry"],"_links":{"self":[{"href":"https:\/\/expertosenaire.com\/en\/wp-json\/wp\/v2\/pages\/135","targetHints":{"allow":["GET"]}}],"collection":[{"href":"https:\/\/expertosenaire.com\/en\/wp-json\/wp\/v2\/pages"}],"about":[{"href":"https:\/\/expertosenaire.com\/en\/wp-json\/wp\/v2\/types\/page"}],"author":[{"embeddable":true,"href":"https:\/\/expertosenaire.com\/en\/wp-json\/wp\/v2\/users\/1"}],"replies":[{"embeddable":true,"href":"https:\/\/expertosenaire.com\/en\/wp-json\/wp\/v2\/comments?post=135"}],"version-history":[{"count":19,"href":"https:\/\/expertosenaire.com\/en\/wp-json\/wp\/v2\/pages\/135\/revisions"}],"predecessor-version":[{"id":862,"href":"https:\/\/expertosenaire.com\/en\/wp-json\/wp\/v2\/pages\/135\/revisions\/862"}],"wp:attachment":[{"href":"https:\/\/expertosenaire.com\/en\/wp-json\/wp\/v2\/media?parent=135"}],"curies":[{"name":"wp","href":"https:\/\/api.w.org\/{rel}","templated":true}]}}