{"id":170,"date":"2023-10-26T16:45:58","date_gmt":"2023-10-26T16:45:58","guid":{"rendered":"https:\/\/expertosenaire.com\/?page_id=170"},"modified":"2023-10-27T22:15:54","modified_gmt":"2023-10-27T22:15:54","slug":"equipos-residenciales","status":"publish","type":"page","link":"https:\/\/expertosenaire.com\/en\/equipos-residenciales\/","title":{"rendered":"Residential equipment"},"content":{"rendered":"<div data-elementor-type=\"wp-page\" data-elementor-id=\"170\" class=\"elementor elementor-170\" data-elementor-post-type=\"page\">\n\t\t\t\t<div class=\"elementor-element elementor-element-4fc9b9bb e-flex e-con-boxed e-con e-parent\" data-id=\"4fc9b9bb\" data-element_type=\"container\" data-e-type=\"container\" data-settings=\"{&quot;background_background&quot;:&quot;classic&quot;}\">\n\t\t\t\t\t<div class=\"e-con-inner\">\n\t\t\t\t<div class=\"elementor-element elementor-element-4dfc0727 elementor-widget elementor-widget-heading\" data-id=\"4dfc0727\" data-element_type=\"widget\" data-e-type=\"widget\" data-widget_type=\"heading.default\">\n\t\t\t\t<div class=\"elementor-widget-container\">\n\t\t\t\t\t<h2 class=\"elementor-heading-title elementor-size-default\">Residential equipment<\/h2>\t\t\t\t<\/div>\n\t\t\t\t<\/div>\n\t\t\t\t<div class=\"elementor-element elementor-element-15e57a25 elementor-widget elementor-widget-text-editor\" data-id=\"15e57a25\" data-element_type=\"widget\" data-e-type=\"widget\" data-widget_type=\"text-editor.default\">\n\t\t\t\t<div class=\"elementor-widget-container\">\n\t\t\t\t\t\t\t\t\t<p>Home \/ Equipment \/ Residential<\/p>\t\t\t\t\t\t\t\t<\/div>\n\t\t\t\t<\/div>\n\t\t\t\t\t<\/div>\n\t\t\t\t<\/div>\n\t\t<div class=\"elementor-element elementor-element-4ecf9fd1 e-flex e-con-boxed e-con e-parent\" data-id=\"4ecf9fd1\" data-element_type=\"container\" data-e-type=\"container\">\n\t\t\t\t\t<div class=\"e-con-inner\">\n\t\t<div class=\"elementor-element elementor-element-673987f4 e-con-full e-flex e-con e-child\" data-id=\"673987f4\" data-element_type=\"container\" data-e-type=\"container\">\n\t\t\t\t<div class=\"elementor-element elementor-element-43a79b69 elementor-position-top elementor-widget elementor-widget-image-box\" data-id=\"43a79b69\" data-element_type=\"widget\" data-e-type=\"widget\" data-widget_type=\"image-box.default\">\n\t\t\t\t<div class=\"elementor-widget-container\">\n\t\t\t\t\t<div class=\"elementor-image-box-wrapper\"><figure class=\"elementor-image-box-img\"><a href=\"\/en\/minisplit-carrier-cool-easy-serie-a\/\" tabindex=\"-1\"><img fetchpriority=\"high\" decoding=\"async\" width=\"550\" height=\"340\" src=\"https:\/\/expertosenaire.com\/wp-content\/uploads\/2023\/10\/Minisplit-Carrier-Cool-Easy-serie-A-New-High-Wall-Inverter.png\" class=\"elementor-animation-grow attachment-full size-full wp-image-172\" alt=\"Equipos residenciales\" srcset=\"https:\/\/expertosenaire.com\/wp-content\/uploads\/2023\/10\/Minisplit-Carrier-Cool-Easy-serie-A-New-High-Wall-Inverter.png 550w, https:\/\/expertosenaire.com\/wp-content\/uploads\/2023\/10\/Minisplit-Carrier-Cool-Easy-serie-A-New-High-Wall-Inverter-300x185.png 300w\" sizes=\"(max-width: 550px) 100vw, 550px\" \/><\/a><\/figure><div class=\"elementor-image-box-content\"><h3 class=\"elementor-image-box-title\"><a href=\"\/en\/minisplit-carrier-cool-easy-serie-a\/\">Minisplit Carrier Cool Easy <br>Serie A (New) High Wall Inverter<\/a><\/h3><p class=\"elementor-image-box-description\"><a href=\"\/en\/minisplit-carrier-cool-easy-serie-a\/\"><span style=\"color: #34c2e7\">+ more information<\/span><\/a><\/p><\/div><\/div>\t\t\t\t<\/div>\n\t\t\t\t<\/div>\n\t\t\t\t<\/div>\n\t\t<div class=\"elementor-element elementor-element-5c0efab6 e-con-full e-flex e-con e-child\" data-id=\"5c0efab6\" data-element_type=\"container\" data-e-type=\"container\">\n\t\t\t\t<div class=\"elementor-element elementor-element-1318e416 elementor-position-top elementor-widget elementor-widget-image-box\" data-id=\"1318e416\" data-element_type=\"widget\" data-e-type=\"widget\" data-widget_type=\"image-box.default\">\n\t\t\t\t<div class=\"elementor-widget-container\">\n\t\t\t\t\t<div class=\"elementor-image-box-wrapper\"><figure class=\"elementor-image-box-img\"><a href=\"\/en\/minisplit-carrier-elite-serie-c\/\" tabindex=\"-1\"><img decoding=\"async\" width=\"550\" height=\"340\" src=\"https:\/\/expertosenaire.com\/wp-content\/uploads\/2023\/10\/elite-carrier.png\" class=\"elementor-animation-grow attachment-full size-full wp-image-173\" alt=\"\" srcset=\"https:\/\/expertosenaire.com\/wp-content\/uploads\/2023\/10\/elite-carrier.png 550w, https:\/\/expertosenaire.com\/wp-content\/uploads\/2023\/10\/elite-carrier-300x185.png 300w\" sizes=\"(max-width: 550px) 100vw, 550px\" \/><\/a><\/figure><div class=\"elementor-image-box-content\"><h3 class=\"elementor-image-box-title\"><a href=\"\/en\/minisplit-carrier-elite-serie-c\/\">Minisplit Carrier Elite Serie C <br> High Wall Inverter<\/a><\/h3><p class=\"elementor-image-box-description\"><a href=\"\/en\/minisplit-carrier-elite-serie-c\/\"><span style=\"color: #34c2e7\">+ more information<\/span><\/a><\/p><\/div><\/div>\t\t\t\t<\/div>\n\t\t\t\t<\/div>\n\t\t\t\t<\/div>\n\t\t\t\t\t<\/div>\n\t\t\t\t<\/div>\n\t\t<div class=\"elementor-element elementor-element-6b91d5f6 e-flex e-con-boxed e-con e-parent\" data-id=\"6b91d5f6\" data-element_type=\"container\" data-e-type=\"container\">\n\t\t\t\t\t<div class=\"e-con-inner\">\n\t\t<div class=\"elementor-element elementor-element-3d9a80fd e-con-full e-flex e-con e-child\" data-id=\"3d9a80fd\" data-element_type=\"container\" data-e-type=\"container\">\n\t\t\t\t<div class=\"elementor-element elementor-element-1d6fa268 elementor-position-top elementor-widget elementor-widget-image-box\" data-id=\"1d6fa268\" data-element_type=\"widget\" data-e-type=\"widget\" data-widget_type=\"image-box.default\">\n\t\t\t\t<div class=\"elementor-widget-container\">\n\t\t\t\t\t<div class=\"elementor-image-box-wrapper\"><figure class=\"elementor-image-box-img\"><a href=\"\/en\/equipos-residenciales\/minisplit-ciac-by-carrier-hs-serie-t\/\" tabindex=\"-1\"><img decoding=\"async\" width=\"550\" height=\"340\" src=\"https:\/\/expertosenaire.com\/wp-content\/uploads\/2023\/10\/CIAC-inverterMinisplit-CIAC-by-Carrier-HS-Serie-T-New-High-Wall-Inverter.png\" class=\"elementor-animation-grow attachment-full size-full wp-image-174\" alt=\"\" srcset=\"https:\/\/expertosenaire.com\/wp-content\/uploads\/2023\/10\/CIAC-inverterMinisplit-CIAC-by-Carrier-HS-Serie-T-New-High-Wall-Inverter.png 550w, https:\/\/expertosenaire.com\/wp-content\/uploads\/2023\/10\/CIAC-inverterMinisplit-CIAC-by-Carrier-HS-Serie-T-New-High-Wall-Inverter-300x185.png 300w\" sizes=\"(max-width: 550px) 100vw, 550px\" \/><\/a><\/figure><div class=\"elementor-image-box-content\"><h3 class=\"elementor-image-box-title\"><a href=\"\/en\/equipos-residenciales\/minisplit-ciac-by-carrier-hs-serie-t\/\">Minisplit CIAC by Carrier HS Serie T<br>(New) High Wall Inverter<\/a><\/h3><p class=\"elementor-image-box-description\"><a href=\"\/en\/equipos-residenciales\/minisplit-ciac-by-carrier-hs-serie-t\/\"><span style=\"color: #34c2e7\">+ more information<\/span><\/a><\/p><\/div><\/div>\t\t\t\t<\/div>\n\t\t\t\t<\/div>\n\t\t\t\t<\/div>\n\t\t<div class=\"elementor-element elementor-element-25e4119d e-con-full e-flex e-con e-child\" data-id=\"25e4119d\" data-element_type=\"container\" data-e-type=\"container\">\n\t\t\t\t<div class=\"elementor-element elementor-element-51906e90 elementor-position-top elementor-widget elementor-widget-image-box\" data-id=\"51906e90\" data-element_type=\"widget\" data-e-type=\"widget\" data-widget_type=\"image-box.default\">\n\t\t\t\t<div class=\"elementor-widget-container\">\n\t\t\t\t\t<div class=\"elementor-image-box-wrapper\"><figure class=\"elementor-image-box-img\"><a href=\"\/en\/equipos-residenciales\/minisplit-ciac-by-carrier-vs-serie-t2\/\" tabindex=\"-1\"><img loading=\"lazy\" decoding=\"async\" width=\"550\" height=\"340\" src=\"https:\/\/expertosenaire.com\/wp-content\/uploads\/2023\/10\/Minisplit-CIAC-by-Carrier-VS-Serie-T2-High-Wall-Inverter.png\" class=\"elementor-animation-grow attachment-full size-full wp-image-175\" alt=\"\" srcset=\"https:\/\/expertosenaire.com\/wp-content\/uploads\/2023\/10\/Minisplit-CIAC-by-Carrier-VS-Serie-T2-High-Wall-Inverter.png 550w, https:\/\/expertosenaire.com\/wp-content\/uploads\/2023\/10\/Minisplit-CIAC-by-Carrier-VS-Serie-T2-High-Wall-Inverter-300x185.png 300w\" sizes=\"(max-width: 550px) 100vw, 550px\" \/><\/a><\/figure><div class=\"elementor-image-box-content\"><h3 class=\"elementor-image-box-title\"><a href=\"\/en\/equipos-residenciales\/minisplit-ciac-by-carrier-vs-serie-t2\/\">Minisplit CIAC by Carrier VS Serie T2 <br>(New) High Wall Inverter<\/a><\/h3><p class=\"elementor-image-box-description\"><a href=\"\/en\/equipos-residenciales\/minisplit-ciac-by-carrier-vs-serie-t2\/\"><span style=\"color: #34c2e7\">+ more information<\/span><\/a><\/p><\/div><\/div>\t\t\t\t<\/div>\n\t\t\t\t<\/div>\n\t\t\t\t<\/div>\n\t\t\t\t\t<\/div>\n\t\t\t\t<\/div>\n\t\t<div class=\"elementor-element elementor-element-c5e0b9e e-flex e-con-boxed e-con e-parent\" data-id=\"c5e0b9e\" data-element_type=\"container\" data-e-type=\"container\">\n\t\t\t\t\t<div class=\"e-con-inner\">\n\t\t<div class=\"elementor-element elementor-element-61c2f533 e-con-full e-flex e-con e-child\" data-id=\"61c2f533\" data-element_type=\"container\" data-e-type=\"container\">\n\t\t\t\t<div class=\"elementor-element elementor-element-62645e87 elementor-position-top elementor-widget elementor-widget-image-box\" data-id=\"62645e87\" data-element_type=\"widget\" data-e-type=\"widget\" data-widget_type=\"image-box.default\">\n\t\t\t\t<div class=\"elementor-widget-container\">\n\t\t\t\t\t<div class=\"elementor-image-box-wrapper\"><figure class=\"elementor-image-box-img\"><a href=\"\/en\/equipos-residenciales\/freyven-inverter\/\" tabindex=\"-1\"><img loading=\"lazy\" decoding=\"async\" width=\"550\" height=\"340\" src=\"https:\/\/expertosenaire.com\/wp-content\/uploads\/2023\/10\/freyven-inverter.png\" class=\"elementor-animation-grow attachment-full size-full wp-image-176\" alt=\"\" srcset=\"https:\/\/expertosenaire.com\/wp-content\/uploads\/2023\/10\/freyven-inverter.png 550w, https:\/\/expertosenaire.com\/wp-content\/uploads\/2023\/10\/freyven-inverter-300x185.png 300w\" sizes=\"(max-width: 550px) 100vw, 550px\" \/><\/a><\/figure><div class=\"elementor-image-box-content\"><h3 class=\"elementor-image-box-title\"><a href=\"\/en\/equipos-residenciales\/freyven-inverter\/\">Freyven Inverter<\/a><\/h3><p class=\"elementor-image-box-description\"><a href=\"\/en\/equipos-residenciales\/freyven-inverter\/\"><span style=\"color: #34c2e7\">+ more information<\/span><\/a><\/p><\/div><\/div>\t\t\t\t<\/div>\n\t\t\t\t<\/div>\n\t\t\t\t<\/div>\n\t\t<div class=\"elementor-element elementor-element-6dc5019f e-con-full e-flex e-con e-child\" data-id=\"6dc5019f\" data-element_type=\"container\" data-e-type=\"container\">\n\t\t\t\t<div class=\"elementor-element elementor-element-56459ae7 elementor-position-top elementor-widget elementor-widget-image-box\" data-id=\"56459ae7\" data-element_type=\"widget\" data-e-type=\"widget\" data-widget_type=\"image-box.default\">\n\t\t\t\t<div class=\"elementor-widget-container\">\n\t\t\t\t\t<div class=\"elementor-image-box-wrapper\"><figure class=\"elementor-image-box-img\"><a href=\"\/en\/equipos-residenciales\/freyven-convencional\/\" tabindex=\"-1\"><img loading=\"lazy\" decoding=\"async\" width=\"550\" height=\"340\" src=\"https:\/\/expertosenaire.com\/wp-content\/uploads\/2023\/10\/freyven-convencional.png\" class=\"elementor-animation-grow attachment-full size-full wp-image-177\" alt=\"\" srcset=\"https:\/\/expertosenaire.com\/wp-content\/uploads\/2023\/10\/freyven-convencional.png 550w, https:\/\/expertosenaire.com\/wp-content\/uploads\/2023\/10\/freyven-convencional-300x185.png 300w\" sizes=\"(max-width: 550px) 100vw, 550px\" \/><\/a><\/figure><div class=\"elementor-image-box-content\"><h3 class=\"elementor-image-box-title\"><a href=\"\/en\/equipos-residenciales\/freyven-convencional\/\">Freyven Convencional<\/a><\/h3><p class=\"elementor-image-box-description\"><a href=\"\/en\/equipos-residenciales\/freyven-convencional\/\"><span style=\"color: #34c2e7\">+ more information<\/span><\/a><\/p><\/div><\/div>\t\t\t\t<\/div>\n\t\t\t\t<\/div>\n\t\t\t\t<\/div>\n\t\t\t\t\t<\/div>\n\t\t\t\t<\/div>\n\t\t<div class=\"elementor-element elementor-element-1184c955 e-flex e-con-boxed e-con e-parent\" data-id=\"1184c955\" data-element_type=\"container\" data-e-type=\"container\" data-settings=\"{&quot;background_background&quot;:&quot;classic&quot;}\">\n\t\t\t\t\t<div class=\"e-con-inner\">\n\t\t\t\t<div class=\"elementor-element elementor-element-5cc26cec elementor-widget elementor-widget-heading\" data-id=\"5cc26cec\" data-element_type=\"widget\" data-e-type=\"widget\" data-widget_type=\"heading.default\">\n\t\t\t\t<div class=\"elementor-widget-container\">\n\t\t\t\t\t<h2 class=\"elementor-heading-title elementor-size-default\">Package equipment<\/h2>\t\t\t\t<\/div>\n\t\t\t\t<\/div>\n\t\t<div class=\"elementor-element elementor-element-46fe5f94 e-flex e-con-boxed e-con e-child\" data-id=\"46fe5f94\" data-element_type=\"container\" data-e-type=\"container\">\n\t\t\t\t\t<div class=\"e-con-inner\">\n\t\t<div class=\"elementor-element elementor-element-771fdae6 e-flex e-con-boxed e-con e-child\" data-id=\"771fdae6\" data-element_type=\"container\" data-e-type=\"container\">\n\t\t\t\t\t<div class=\"e-con-inner\">\n\t\t\t\t<div class=\"elementor-element elementor-element-297b7f0b elementor-position-top elementor-widget elementor-widget-image-box\" data-id=\"297b7f0b\" data-element_type=\"widget\" data-e-type=\"widget\" data-widget_type=\"image-box.default\">\n\t\t\t\t<div class=\"elementor-widget-container\">\n\t\t\t\t\t<div class=\"elementor-image-box-wrapper\"><figure class=\"elementor-image-box-img\"><a href=\"\/en\/equipos-residenciales\/paquete-residencial-carrier\/\" tabindex=\"-1\"><img loading=\"lazy\" decoding=\"async\" width=\"550\" height=\"340\" src=\"https:\/\/expertosenaire.com\/wp-content\/uploads\/2023\/10\/paquete-residencial-carrier.png\" class=\"elementor-animation-grow attachment-full size-full wp-image-178\" alt=\"\" srcset=\"https:\/\/expertosenaire.com\/wp-content\/uploads\/2023\/10\/paquete-residencial-carrier.png 550w, https:\/\/expertosenaire.com\/wp-content\/uploads\/2023\/10\/paquete-residencial-carrier-300x185.png 300w\" sizes=\"(max-width: 550px) 100vw, 550px\" \/><\/a><\/figure><div class=\"elementor-image-box-content\"><h3 class=\"elementor-image-box-title\"><a href=\"\/en\/equipos-residenciales\/paquete-residencial-carrier\/\">Carrier Residential Package<\/a><\/h3><p class=\"elementor-image-box-description\"><a href=\"\/en\/equipos-residenciales\/paquete-residencial-carrier\/\"><span style=\"color: #34c2e7\">+ more information<\/span><\/a><\/p><\/div><\/div>\t\t\t\t<\/div>\n\t\t\t\t<\/div>\n\t\t\t\t\t<\/div>\n\t\t\t\t<\/div>\n\t\t<div class=\"elementor-element elementor-element-252dbbc7 e-flex e-con-boxed e-con e-child\" data-id=\"252dbbc7\" data-element_type=\"container\" data-e-type=\"container\">\n\t\t\t\t\t<div class=\"e-con-inner\">\n\t\t\t\t<div class=\"elementor-element elementor-element-3a70719f elementor-position-top elementor-widget elementor-widget-image-box\" data-id=\"3a70719f\" data-element_type=\"widget\" data-e-type=\"widget\" data-widget_type=\"image-box.default\">\n\t\t\t\t<div class=\"elementor-widget-container\">\n\t\t\t\t\t<div class=\"elementor-image-box-wrapper\"><figure class=\"elementor-image-box-img\"><a href=\"\/en\/equipos-residenciales\/equipo-piso-techo-carrier\/\" tabindex=\"-1\"><img loading=\"lazy\" decoding=\"async\" width=\"550\" height=\"340\" src=\"https:\/\/expertosenaire.com\/wp-content\/uploads\/2023\/10\/piso-techo-carrier.png\" class=\"elementor-animation-grow attachment-full size-full wp-image-179\" alt=\"\" srcset=\"https:\/\/expertosenaire.com\/wp-content\/uploads\/2023\/10\/piso-techo-carrier.png 550w, https:\/\/expertosenaire.com\/wp-content\/uploads\/2023\/10\/piso-techo-carrier-300x185.png 300w\" sizes=\"(max-width: 550px) 100vw, 550px\" \/><\/a><\/figure><div class=\"elementor-image-box-content\"><h3 class=\"elementor-image-box-title\"><a href=\"\/en\/equipos-residenciales\/equipo-piso-techo-carrier\/\">Carrier Floor-Ceiling Equipment<\/a><\/h3><p class=\"elementor-image-box-description\"><a href=\"\/en\/equipos-residenciales\/equipo-piso-techo-carrier\/\"><span style=\"color: #34c2e7\">+ more information<\/span><\/a><\/p><\/div><\/div>\t\t\t\t<\/div>\n\t\t\t\t<\/div>\n\t\t\t\t\t<\/div>\n\t\t\t\t<\/div>\n\t\t<div class=\"elementor-element elementor-element-17842a2a e-flex e-con-boxed e-con e-child\" data-id=\"17842a2a\" data-element_type=\"container\" data-e-type=\"container\">\n\t\t\t\t\t<div class=\"e-con-inner\">\n\t\t\t\t<div class=\"elementor-element elementor-element-369cffbb elementor-position-top elementor-widget elementor-widget-image-box\" data-id=\"369cffbb\" data-element_type=\"widget\" data-e-type=\"widget\" data-widget_type=\"image-box.default\">\n\t\t\t\t<div class=\"elementor-widget-container\">\n\t\t\t\t\t<div class=\"elementor-image-box-wrapper\"><figure class=\"elementor-image-box-img\"><a href=\"\/en\/equipos-residenciales\/fan-coil-carrier\/\" tabindex=\"-1\"><img loading=\"lazy\" decoding=\"async\" width=\"550\" height=\"340\" src=\"https:\/\/expertosenaire.com\/wp-content\/uploads\/2023\/10\/Fan-Coil-Carrier-Inverter.png\" class=\"elementor-animation-grow attachment-full size-full wp-image-68\" alt=\"\" srcset=\"https:\/\/expertosenaire.com\/wp-content\/uploads\/2023\/10\/Fan-Coil-Carrier-Inverter.png 550w, https:\/\/expertosenaire.com\/wp-content\/uploads\/2023\/10\/Fan-Coil-Carrier-Inverter-300x185.png 300w\" sizes=\"(max-width: 550px) 100vw, 550px\" \/><\/a><\/figure><div class=\"elementor-image-box-content\"><h3 class=\"elementor-image-box-title\"><a href=\"\/en\/equipos-residenciales\/fan-coil-carrier\/\">Fan &amp; Coil Carrier<\/a><\/h3><p class=\"elementor-image-box-description\"><a href=\"\/en\/equipos-residenciales\/fan-coil-carrier\/\"><span style=\"color: #34c2e7\">+ more information<\/span><\/a><\/p><\/div><\/div>\t\t\t\t<\/div>\n\t\t\t\t<\/div>\n\t\t\t\t\t<\/div>\n\t\t\t\t<\/div>\n\t\t\t\t\t<\/div>\n\t\t\t\t<\/div>\n\t\t\t\t\t<\/div>\n\t\t\t\t<\/div>\n\t\t\t\t<\/div>","protected":false},"excerpt":{"rendered":"<p>Equipos residenciales Inicio \/ Equipos \/ Residenciales Minisplit Carrier Cool Easy Serie A (New) High Wall Inverter + M\u00e1s informaci\u00f3n Minisplit Carrier Elite Serie C High Wall Inverter + M\u00e1s informaci\u00f3n Minisplit CIAC by Carrier HS Serie T(New) High Wall Inverter + M\u00e1s informaci\u00f3n Minisplit CIAC by Carrier VS Serie T2 (New) High Wall Inverter [&hellip;]<\/p>\n","protected":false},"author":1,"featured_media":0,"parent":0,"menu_order":0,"comment_status":"closed","ping_status":"closed","template":"","meta":{"footnotes":""},"class_list":["post-170","page","type-page","status-publish","hentry"],"_links":{"self":[{"href":"https:\/\/expertosenaire.com\/en\/wp-json\/wp\/v2\/pages\/170","targetHints":{"allow":["GET"]}}],"collection":[{"href":"https:\/\/expertosenaire.com\/en\/wp-json\/wp\/v2\/pages"}],"about":[{"href":"https:\/\/expertosenaire.com\/en\/wp-json\/wp\/v2\/types\/page"}],"author":[{"embeddable":true,"href":"https:\/\/expertosenaire.com\/en\/wp-json\/wp\/v2\/users\/1"}],"replies":[{"embeddable":true,"href":"https:\/\/expertosenaire.com\/en\/wp-json\/wp\/v2\/comments?post=170"}],"version-history":[{"count":31,"href":"https:\/\/expertosenaire.com\/en\/wp-json\/wp\/v2\/pages\/170\/revisions"}],"predecessor-version":[{"id":875,"href":"https:\/\/expertosenaire.com\/en\/wp-json\/wp\/v2\/pages\/170\/revisions\/875"}],"wp:attachment":[{"href":"https:\/\/expertosenaire.com\/en\/wp-json\/wp\/v2\/media?parent=170"}],"curies":[{"name":"wp","href":"https:\/\/api.w.org\/{rel}","templated":true}]}}