{"id":65,"date":"2023-10-26T16:13:16","date_gmt":"2023-10-26T16:13:16","guid":{"rendered":"https:\/\/expertosenaire.com\/?page_id=65"},"modified":"2023-10-27T19:58:28","modified_gmt":"2023-10-27T19:58:28","slug":"equipos-comerciales","status":"publish","type":"page","link":"https:\/\/expertosenaire.com\/en\/equipos-comerciales\/","title":{"rendered":"Commercial teams"},"content":{"rendered":"<div data-elementor-type=\"wp-page\" data-elementor-id=\"65\" class=\"elementor elementor-65\" data-elementor-post-type=\"page\">\n\t\t\t\t<div class=\"elementor-element elementor-element-555260ba e-flex e-con-boxed e-con e-parent\" data-id=\"555260ba\" data-element_type=\"container\" data-e-type=\"container\" data-settings=\"{&quot;background_background&quot;:&quot;classic&quot;}\">\n\t\t\t\t\t<div class=\"e-con-inner\">\n\t\t\t\t<div class=\"elementor-element elementor-element-58c3fa7c elementor-widget elementor-widget-heading\" data-id=\"58c3fa7c\" data-element_type=\"widget\" data-e-type=\"widget\" data-widget_type=\"heading.default\">\n\t\t\t\t<div class=\"elementor-widget-container\">\n\t\t\t\t\t<h2 class=\"elementor-heading-title elementor-size-default\">Commercial Teams<\/h2>\t\t\t\t<\/div>\n\t\t\t\t<\/div>\n\t\t\t\t<div class=\"elementor-element elementor-element-6c370ed8 elementor-widget elementor-widget-text-editor\" data-id=\"6c370ed8\" data-element_type=\"widget\" data-e-type=\"widget\" data-widget_type=\"text-editor.default\">\n\t\t\t\t<div class=\"elementor-widget-container\">\n\t\t\t\t\t\t\t\t\t<p>Home \/ Equipment \/ Commercial<\/p>\t\t\t\t\t\t\t\t<\/div>\n\t\t\t\t<\/div>\n\t\t\t\t\t<\/div>\n\t\t\t\t<\/div>\n\t\t<div class=\"elementor-element elementor-element-3a2df864 e-flex e-con-boxed e-con e-parent\" data-id=\"3a2df864\" data-element_type=\"container\" data-e-type=\"container\">\n\t\t\t\t\t<div class=\"e-con-inner\">\n\t\t<div class=\"elementor-element elementor-element-23e572bd e-con-full e-flex e-con e-child\" data-id=\"23e572bd\" data-element_type=\"container\" data-e-type=\"container\">\n\t\t\t\t<div class=\"elementor-element elementor-element-4bf3f755 elementor-position-top elementor-widget elementor-widget-image-box\" data-id=\"4bf3f755\" data-element_type=\"widget\" data-e-type=\"widget\" data-widget_type=\"image-box.default\">\n\t\t\t\t<div class=\"elementor-widget-container\">\n\t\t\t\t\t<div class=\"elementor-image-box-wrapper\"><figure class=\"elementor-image-box-img\"><a href=\"\/en\/equipos-comerciales\/paquete-comercial-carrier-weathmaker\/\" tabindex=\"-1\"><img fetchpriority=\"high\" decoding=\"async\" width=\"550\" height=\"340\" src=\"https:\/\/expertosenaire.com\/wp-content\/uploads\/2023\/10\/Paquete-Comercial-Carrier-Weathermaker-3.png\" class=\"elementor-animation-grow attachment-full size-full wp-image-67\" alt=\"\" srcset=\"https:\/\/expertosenaire.com\/wp-content\/uploads\/2023\/10\/Paquete-Comercial-Carrier-Weathermaker-3.png 550w, https:\/\/expertosenaire.com\/wp-content\/uploads\/2023\/10\/Paquete-Comercial-Carrier-Weathermaker-3-300x185.png 300w\" sizes=\"(max-width: 550px) 100vw, 550px\" \/><\/a><\/figure><div class=\"elementor-image-box-content\"><h3 class=\"elementor-image-box-title\"><a href=\"\/en\/equipos-comerciales\/paquete-comercial-carrier-weathmaker\/\">Commercial Package <br>Carrier Weathermaker<\/a><\/h3><p class=\"elementor-image-box-description\"><a href=\"\/en\/equipos-comerciales\/paquete-comercial-carrier-weathmaker\/\"><span style=\"color: #34c2e7\">+ more information<\/span><\/a><\/p><\/div><\/div>\t\t\t\t<\/div>\n\t\t\t\t<\/div>\n\t\t\t\t<\/div>\n\t\t<div class=\"elementor-element elementor-element-28c8f001 e-con-full e-flex e-con e-child\" data-id=\"28c8f001\" data-element_type=\"container\" data-e-type=\"container\">\n\t\t\t\t<div class=\"elementor-element elementor-element-37de304f elementor-position-top elementor-widget elementor-widget-image-box\" data-id=\"37de304f\" data-element_type=\"widget\" data-e-type=\"widget\" data-widget_type=\"image-box.default\">\n\t\t\t\t<div class=\"elementor-widget-container\">\n\t\t\t\t\t<div class=\"elementor-image-box-wrapper\"><figure class=\"elementor-image-box-img\"><a href=\"\/en\/equipos-comerciales\/fan-and-coil-carrier-inverter\/\" tabindex=\"-1\"><img decoding=\"async\" width=\"550\" height=\"340\" src=\"https:\/\/expertosenaire.com\/wp-content\/uploads\/2023\/10\/Fan-Coil-Carrier-Inverter.png\" class=\"elementor-animation-grow attachment-full size-full wp-image-68\" alt=\"\" srcset=\"https:\/\/expertosenaire.com\/wp-content\/uploads\/2023\/10\/Fan-Coil-Carrier-Inverter.png 550w, https:\/\/expertosenaire.com\/wp-content\/uploads\/2023\/10\/Fan-Coil-Carrier-Inverter-300x185.png 300w\" sizes=\"(max-width: 550px) 100vw, 550px\" \/><\/a><\/figure><div class=\"elementor-image-box-content\"><h3 class=\"elementor-image-box-title\"><a href=\"\/en\/equipos-comerciales\/fan-and-coil-carrier-inverter\/\">Fan &amp; Coil<br>Carrier Inverter<\/a><\/h3><p class=\"elementor-image-box-description\"><a href=\"\/en\/equipos-comerciales\/fan-and-coil-carrier-inverter\/\"><span style=\"color: #34c2e7\">+ more information<\/span><\/a><\/p><\/div><\/div>\t\t\t\t<\/div>\n\t\t\t\t<\/div>\n\t\t\t\t<\/div>\n\t\t\t\t\t<\/div>\n\t\t\t\t<\/div>\n\t\t<div class=\"elementor-element elementor-element-1919b2d8 e-flex e-con-boxed e-con e-parent\" data-id=\"1919b2d8\" data-element_type=\"container\" data-e-type=\"container\">\n\t\t\t\t\t<div class=\"e-con-inner\">\n\t\t<div class=\"elementor-element elementor-element-458a502b e-con-full e-flex e-con e-child\" data-id=\"458a502b\" data-element_type=\"container\" data-e-type=\"container\">\n\t\t\t\t<div class=\"elementor-element elementor-element-63a7c7aa elementor-position-top elementor-widget elementor-widget-image-box\" data-id=\"63a7c7aa\" data-element_type=\"widget\" data-e-type=\"widget\" data-widget_type=\"image-box.default\">\n\t\t\t\t<div class=\"elementor-widget-container\">\n\t\t\t\t\t<div class=\"elementor-image-box-wrapper\"><figure class=\"elementor-image-box-img\"><a href=\"\/en\/equipos-comerciales\/equipo-dividido-carrier-bryant\/\" tabindex=\"-1\"><img decoding=\"async\" width=\"550\" height=\"340\" src=\"https:\/\/expertosenaire.com\/wp-content\/uploads\/2023\/10\/Equipo-Dividido-Carrier-Bryant.png\" class=\"elementor-animation-grow attachment-full size-full wp-image-69\" alt=\"\" srcset=\"https:\/\/expertosenaire.com\/wp-content\/uploads\/2023\/10\/Equipo-Dividido-Carrier-Bryant.png 550w, https:\/\/expertosenaire.com\/wp-content\/uploads\/2023\/10\/Equipo-Dividido-Carrier-Bryant-300x185.png 300w\" sizes=\"(max-width: 550px) 100vw, 550px\" \/><\/a><\/figure><div class=\"elementor-image-box-content\"><h3 class=\"elementor-image-box-title\"><a href=\"\/en\/equipos-comerciales\/equipo-dividido-carrier-bryant\/\">Divided Equipment<br>Carrier\/Bryant<\/a><\/h3><p class=\"elementor-image-box-description\"><a href=\"\/en\/equipos-comerciales\/equipo-dividido-carrier-bryant\/\"><span style=\"color: #34c2e7\">+ more information<\/span><\/a><\/p><\/div><\/div>\t\t\t\t<\/div>\n\t\t\t\t<\/div>\n\t\t\t\t<\/div>\n\t\t<div class=\"elementor-element elementor-element-7230af72 e-con-full e-flex e-con e-child\" data-id=\"7230af72\" data-element_type=\"container\" data-e-type=\"container\">\n\t\t\t\t<div class=\"elementor-element elementor-element-45530861 elementor-position-top elementor-widget elementor-widget-image-box\" data-id=\"45530861\" data-element_type=\"widget\" data-e-type=\"widget\" data-widget_type=\"image-box.default\">\n\t\t\t\t<div class=\"elementor-widget-container\">\n\t\t\t\t\t<div class=\"elementor-image-box-wrapper\"><figure class=\"elementor-image-box-img\"><a href=\"\/en\/equipos-comerciales\/unidades-manejadoras-de-aire-carrier-bryant\/\" tabindex=\"-1\"><img loading=\"lazy\" decoding=\"async\" width=\"550\" height=\"340\" src=\"https:\/\/expertosenaire.com\/wp-content\/uploads\/2023\/10\/Unidades-manejadoras-de-aire-Carrier-Bryant.png\" class=\"elementor-animation-grow attachment-full size-full wp-image-70\" alt=\"\" srcset=\"https:\/\/expertosenaire.com\/wp-content\/uploads\/2023\/10\/Unidades-manejadoras-de-aire-Carrier-Bryant.png 550w, https:\/\/expertosenaire.com\/wp-content\/uploads\/2023\/10\/Unidades-manejadoras-de-aire-Carrier-Bryant-300x185.png 300w\" sizes=\"(max-width: 550px) 100vw, 550px\" \/><\/a><\/figure><div class=\"elementor-image-box-content\"><h3 class=\"elementor-image-box-title\"><a href=\"\/en\/equipos-comerciales\/unidades-manejadoras-de-aire-carrier-bryant\/\">Air handling units<br>Carrier\/Bryant<\/a><\/h3><p class=\"elementor-image-box-description\"><a href=\"\/en\/equipos-comerciales\/unidades-manejadoras-de-aire-carrier-bryant\/\"><span style=\"color: #34c2e7\">+ more information<\/span><\/a><\/p><\/div><\/div>\t\t\t\t<\/div>\n\t\t\t\t<\/div>\n\t\t\t\t<\/div>\n\t\t\t\t\t<\/div>\n\t\t\t\t<\/div>\n\t\t<div class=\"elementor-element elementor-element-2fad94a6 e-flex e-con-boxed e-con e-parent\" data-id=\"2fad94a6\" data-element_type=\"container\" data-e-type=\"container\">\n\t\t\t\t\t<div class=\"e-con-inner\">\n\t\t<div class=\"elementor-element elementor-element-5f32e5c8 e-con-full e-flex e-con e-child\" data-id=\"5f32e5c8\" data-element_type=\"container\" data-e-type=\"container\">\n\t\t\t\t<div class=\"elementor-element elementor-element-282ccee1 elementor-position-top elementor-widget elementor-widget-image-box\" data-id=\"282ccee1\" data-element_type=\"widget\" data-e-type=\"widget\" data-widget_type=\"image-box.default\">\n\t\t\t\t<div class=\"elementor-widget-container\">\n\t\t\t\t\t<div class=\"elementor-image-box-wrapper\"><figure class=\"elementor-image-box-img\"><a href=\"\/en\/equipos-comerciales\/vrf-toshiba\/\" tabindex=\"-1\"><img loading=\"lazy\" decoding=\"async\" width=\"550\" height=\"340\" src=\"https:\/\/expertosenaire.com\/wp-content\/uploads\/2023\/10\/VRF-Toshiba-Carrier.png\" class=\"elementor-animation-grow attachment-full size-full wp-image-71\" alt=\"\" srcset=\"https:\/\/expertosenaire.com\/wp-content\/uploads\/2023\/10\/VRF-Toshiba-Carrier.png 550w, https:\/\/expertosenaire.com\/wp-content\/uploads\/2023\/10\/VRF-Toshiba-Carrier-300x185.png 300w\" sizes=\"(max-width: 550px) 100vw, 550px\" \/><\/a><\/figure><div class=\"elementor-image-box-content\"><h3 class=\"elementor-image-box-title\"><a href=\"\/en\/equipos-comerciales\/vrf-toshiba\/\">VRF Toshiba Carrier<\/a><\/h3><p class=\"elementor-image-box-description\"><a href=\"\/en\/equipos-comerciales\/vrf-toshiba\/\"><span style=\"color: #34c2e7\">+ more information<\/span><\/a><\/p><\/div><\/div>\t\t\t\t<\/div>\n\t\t\t\t<\/div>\n\t\t\t\t<\/div>\n\t\t<div class=\"elementor-element elementor-element-2e58904b e-con-full e-flex e-con e-child\" data-id=\"2e58904b\" data-element_type=\"container\" data-e-type=\"container\">\n\t\t\t\t<div class=\"elementor-element elementor-element-324f641f elementor-position-top elementor-widget elementor-widget-image-box\" data-id=\"324f641f\" data-element_type=\"widget\" data-e-type=\"widget\" data-widget_type=\"image-box.default\">\n\t\t\t\t<div class=\"elementor-widget-container\">\n\t\t\t\t\t<div class=\"elementor-image-box-wrapper\"><figure class=\"elementor-image-box-img\"><a href=\"\/en\/equipos-comerciales\/paquete-inverter-carrier-con-tecnologia-ecoblue\/\" tabindex=\"-1\"><img loading=\"lazy\" decoding=\"async\" width=\"550\" height=\"340\" src=\"https:\/\/expertosenaire.com\/wp-content\/uploads\/2023\/10\/Paquete-Inverter-Carrier-Tecnologia-Ecoblue.png\" class=\"elementor-animation-grow attachment-full size-full wp-image-72\" alt=\"\" srcset=\"https:\/\/expertosenaire.com\/wp-content\/uploads\/2023\/10\/Paquete-Inverter-Carrier-Tecnologia-Ecoblue.png 550w, https:\/\/expertosenaire.com\/wp-content\/uploads\/2023\/10\/Paquete-Inverter-Carrier-Tecnologia-Ecoblue-300x185.png 300w\" sizes=\"(max-width: 550px) 100vw, 550px\" \/><\/a><\/figure><div class=\"elementor-image-box-content\"><h3 class=\"elementor-image-box-title\"><a href=\"\/en\/equipos-comerciales\/paquete-inverter-carrier-con-tecnologia-ecoblue\/\">Paquete Inverter Carrier con <br>Ecoblue technology<\/a><\/h3><p class=\"elementor-image-box-description\"><a href=\"\/en\/equipos-comerciales\/paquete-inverter-carrier-con-tecnologia-ecoblue\/\"><span style=\"color: #34c2e7\">+ more information<\/span><\/a><\/p><\/div><\/div>\t\t\t\t<\/div>\n\t\t\t\t<\/div>\n\t\t\t\t<\/div>\n\t\t\t\t\t<\/div>\n\t\t\t\t<\/div>\n\t\t\t\t<\/div>","protected":false},"excerpt":{"rendered":"<p>Equipos Comerciales Inicio \/ Equipos \/ Comerciales Paquete Comercial Carrier Weathermaker + M\u00e1s informaci\u00f3n Fan &#038; CoilCarrier Inverter + M\u00e1s informaci\u00f3n Equipo DivididoCarrier\/Bryant + M\u00e1s informaci\u00f3n Unidades manejadoras de aireCarrier\/Bryant + M\u00e1s informaci\u00f3n VRF Toshiba Carrier + M\u00e1s informaci\u00f3n Paquete Inverter Carrier con Tecnolog\u00eda Ecoblue + M\u00e1s informaci\u00f3n<\/p>","protected":false},"author":1,"featured_media":0,"parent":0,"menu_order":0,"comment_status":"closed","ping_status":"closed","template":"","meta":{"footnotes":""},"class_list":["post-65","page","type-page","status-publish","hentry"],"_links":{"self":[{"href":"https:\/\/expertosenaire.com\/en\/wp-json\/wp\/v2\/pages\/65","targetHints":{"allow":["GET"]}}],"collection":[{"href":"https:\/\/expertosenaire.com\/en\/wp-json\/wp\/v2\/pages"}],"about":[{"href":"https:\/\/expertosenaire.com\/en\/wp-json\/wp\/v2\/types\/page"}],"author":[{"embeddable":true,"href":"https:\/\/expertosenaire.com\/en\/wp-json\/wp\/v2\/users\/1"}],"replies":[{"embeddable":true,"href":"https:\/\/expertosenaire.com\/en\/wp-json\/wp\/v2\/comments?post=65"}],"version-history":[{"count":22,"href":"https:\/\/expertosenaire.com\/en\/wp-json\/wp\/v2\/pages\/65\/revisions"}],"predecessor-version":[{"id":810,"href":"https:\/\/expertosenaire.com\/en\/wp-json\/wp\/v2\/pages\/65\/revisions\/810"}],"wp:attachment":[{"href":"https:\/\/expertosenaire.com\/en\/wp-json\/wp\/v2\/media?parent=65"}],"curies":[{"name":"wp","href":"https:\/\/api.w.org\/{rel}","templated":true}]}}