{"id":1617,"date":"2025-12-04T14:51:59","date_gmt":"2025-12-04T20:51:59","guid":{"rendered":"https:\/\/expertosenaire.com\/producto\/manejadora-de-aire-comercial-carrier-40muaa\/"},"modified":"2026-02-20T15:29:49","modified_gmt":"2026-02-20T21:29:49","slug":"manejadora-de-aire-comercial-carrier-40muaa","status":"publish","type":"product","link":"https:\/\/expertosenaire.com\/en\/product\/manejadora-de-aire-comercial-carrier-40muaa\/","title":{"rendered":"Manejadora de Aire Comercial Carrier 40MUAA"},"content":{"rendered":"<table class=\"tabla-skus\">\n<thead>\n<tr>\n<th>SKU<\/th>\n<th>Capacidad<\/th>\n<th>Voltaje \/ Fases<\/th>\n<\/tr>\n<\/thead>\n<tbody>\n<tr>\n<td>40MUAAQ18XA3<\/td>\n<td>1.5 toneladas<\/td>\n<td>220V &#8211; 1f &#8211; 60Hz<\/td>\n<\/tr>\n<tr>\n<td>40MUAAQ24XA3<\/td>\n<td>2 toneladas<\/td>\n<td>220V &#8211; 1f &#8211; 60Hz<\/td>\n<\/tr>\n<tr>\n<td>40MUAAQ36XA3<\/td>\n<td>3 toneladas<\/td>\n<td>220V &#8211; 1f &#8211; 60Hz<\/td>\n<\/tr>\n<tr>\n<td>40MUAAQ48XA3<\/td>\n<td>4 toneladas<\/td>\n<td>220V &#8211; 1f &#8211; 60Hz<\/td>\n<\/tr>\n<tr>\n<td>40MUAAQ60XA3<\/td>\n<td>5 toneladas<\/td>\n<td>220V &#8211; 1f &#8211; 60Hz<\/td>\n<\/tr>\n<\/tbody>\n<\/table>","protected":false},"excerpt":{"rendered":"<p>Carrier\u00ae Manejadora de Aire Comercial Fr\u00edo y Calor Monof\u00e1sico Descarga Multiposici\u00f3n 220V Inverter R410A<br \/>\n<b>Manuales<\/b><br \/>\n<a class=\"enlace\" href=\"https:\/\/expertosenaire.com\/wp-content\/uploads\/2026\/02\/40MUAA-Manejadora-de-Aire-Comercial-Carrier-R410A.pdf\" target=\"_blank\" rel=\"noopener\">Manual 1<\/a><\/p>","protected":false},"featured_media":1422,"comment_status":"open","ping_status":"closed","template":"","meta":[],"product_brand":[],"product_cat":[28],"product_tag":[],"class_list":{"0":"post-1617","1":"product","2":"type-product","3":"status-publish","4":"has-post-thumbnail","6":"product_cat-comercial-ligero","8":"first","9":"instock","10":"shipping-taxable","11":"product-type-simple"},"_links":{"self":[{"href":"https:\/\/expertosenaire.com\/en\/wp-json\/wp\/v2\/product\/1617","targetHints":{"allow":["GET"]}}],"collection":[{"href":"https:\/\/expertosenaire.com\/en\/wp-json\/wp\/v2\/product"}],"about":[{"href":"https:\/\/expertosenaire.com\/en\/wp-json\/wp\/v2\/types\/product"}],"replies":[{"embeddable":true,"href":"https:\/\/expertosenaire.com\/en\/wp-json\/wp\/v2\/comments?post=1617"}],"wp:featuredmedia":[{"embeddable":true,"href":"https:\/\/expertosenaire.com\/en\/wp-json\/wp\/v2\/media\/1422"}],"wp:attachment":[{"href":"https:\/\/expertosenaire.com\/en\/wp-json\/wp\/v2\/media?parent=1617"}],"wp:term":[{"taxonomy":"product_brand","embeddable":true,"href":"https:\/\/expertosenaire.com\/en\/wp-json\/wp\/v2\/product_brand?post=1617"},{"taxonomy":"product_cat","embeddable":true,"href":"https:\/\/expertosenaire.com\/en\/wp-json\/wp\/v2\/product_cat?post=1617"},{"taxonomy":"product_tag","embeddable":true,"href":"https:\/\/expertosenaire.com\/en\/wp-json\/wp\/v2\/product_tag?post=1617"}],"curies":[{"name":"wp","href":"https:\/\/api.w.org\/{rel}","templated":true}]}}