{"id":1618,"date":"2025-12-04T14:51:59","date_gmt":"2025-12-04T20:51:59","guid":{"rendered":"https:\/\/expertosenaire.com\/producto\/paquete-residencial-carrier-weathermaker-50fc\/"},"modified":"2025-12-05T13:46:44","modified_gmt":"2025-12-05T19:46:44","slug":"paquete-residencial-carrier-weathermaker-50fc","status":"publish","type":"product","link":"https:\/\/expertosenaire.com\/en\/product\/paquete-residencial-carrier-weathermaker-50fc\/","title":{"rendered":"Paquete Residencial Carrier WeatherMaker\u2122 50FC"},"content":{"rendered":"<table class=\"tabla-skus\">\n<thead>\n<tr>\n<th>SKU<\/th>\n<th>Capacidad<\/th>\n<th>Voltaje \/ Fases<\/th>\n<\/tr>\n<\/thead>\n<tbody>\n<tr>\n<td>50FC-A04A2A3-0A0A0<\/td>\n<td>3 toneladas<\/td>\n<td>208\/230V &#8211; 1f &#8211; 60Hz<\/td>\n<\/tr>\n<tr>\n<td>50FC-A04A1A5-0A0A0<\/td>\n<td>3 toneladas<\/td>\n<td>208\/230V &#8211; 3f &#8211; 60Hz<\/td>\n<\/tr>\n<tr>\n<td>50FC-A04A1A6-0A0A0<\/td>\n<td>3 toneladas<\/td>\n<td>460V &#8211; 3f &#8211; 60Hz<\/td>\n<\/tr>\n<tr>\n<td>50FCQA04A1A6-0A0A0<\/td>\n<td>3 toneladas<\/td>\n<td>460V &#8211; 3f &#8211; 60Hz<\/td>\n<\/tr>\n<tr>\n<td>50FC-A05A2A3-0A0A0<\/td>\n<td>4 toneladas<\/td>\n<td>208\/230V &#8211; 1f &#8211; 60Hz<\/td>\n<\/tr>\n<tr>\n<td>50FC-A05A2A5-0A0A0<\/td>\n<td>4 toneladas<\/td>\n<td>208\/230V &#8211; 3f &#8211; 60Hz<\/td>\n<\/tr>\n<tr>\n<td>50FC-A05A1A6-0A0A0<\/td>\n<td>4 toneladas<\/td>\n<td>460V &#8211; 3f &#8211; 60Hz<\/td>\n<\/tr>\n<tr>\n<td>50FCQA05A1A6-0A0A0<\/td>\n<td>4 toneladas<\/td>\n<td>460V &#8211; 3f &#8211; 60Hz<\/td>\n<\/tr>\n<tr>\n<td>50FC-A06A2A3-0A0A0<\/td>\n<td>5 toneladas<\/td>\n<td>208\/230V &#8211; 1f &#8211; 60Hz<\/td>\n<\/tr>\n<tr>\n<td>50FC-A06A1A5-0A0A0<\/td>\n<td>5 toneladas<\/td>\n<td>208\/230V &#8211; 3f &#8211; 60Hz<\/td>\n<\/tr>\n<tr>\n<td>50FC-A06A1A6-0A0A0<\/td>\n<td>5 toneladas<\/td>\n<td>460V &#8211; 3f &#8211; 60Hz<\/td>\n<\/tr>\n<tr>\n<td>50FCQA06A1A6-0A0A0<\/td>\n<td>5 toneladas<\/td>\n<td>460V &#8211; 3f &#8211; 60Hz<\/td>\n<\/tr>\n<tr>\n<td>50FC-M07A2A5-0A0A0<\/td>\n<td>6 toneladas<\/td>\n<td>208\/230V &#8211; 3f &#8211; 60Hz<\/td>\n<\/tr>\n<tr>\n<td>50FC-M07A2A6-0A0A0<\/td>\n<td>6 toneladas<\/td>\n<td>460V &#8211; 3f &#8211; 60Hz<\/td>\n<\/tr>\n<\/tbody>\n<\/table>","protected":false},"excerpt":{"rendered":"<p>Con la nueva tecnolog\u00eda EcoBlue\u2122 del paquete Carrier 50FC WeatherMaker est\u00e1 dise\u00f1ada para mejorar el rendimiento y la eficiencia y al mismo tiempo reducir los costos de mantenimiento e instalaci\u00f3n.<\/p>\n<p><b>Manuales<\/b><br \/>\n<a href=\"https:\/\/expertosenaire.com\/wp-content\/uploads\/2025\/12\/50FC-Paquete-Residencial-Carrier-WeatherMaker-R-410A-2.pdf\" target=\"_blank\" rel=\"noopener\" class=\"enlace\">Manual 1<\/a><\/p>\n<p><a href=\"https:\/\/expertosenaire.com\/wp-content\/uploads\/2025\/12\/50FC-Paquete-Residencial-Carrier-WeatherMaker-R-410A-1.pdf\" target=\"_blank\" rel=\"noopener\" class=\"enlace\">Manual 2<\/a><\/p>","protected":false},"featured_media":1432,"comment_status":"open","ping_status":"closed","template":"","meta":[],"product_brand":[],"product_cat":[26],"product_tag":[],"class_list":{"0":"post-1618","1":"product","2":"type-product","3":"status-publish","4":"has-post-thumbnail","6":"product_cat-equipos-residenciales","8":"first","9":"instock","10":"shipping-taxable","11":"product-type-simple"},"_links":{"self":[{"href":"https:\/\/expertosenaire.com\/en\/wp-json\/wp\/v2\/product\/1618","targetHints":{"allow":["GET"]}}],"collection":[{"href":"https:\/\/expertosenaire.com\/en\/wp-json\/wp\/v2\/product"}],"about":[{"href":"https:\/\/expertosenaire.com\/en\/wp-json\/wp\/v2\/types\/product"}],"replies":[{"embeddable":true,"href":"https:\/\/expertosenaire.com\/en\/wp-json\/wp\/v2\/comments?post=1618"}],"wp:featuredmedia":[{"embeddable":true,"href":"https:\/\/expertosenaire.com\/en\/wp-json\/wp\/v2\/media\/1432"}],"wp:attachment":[{"href":"https:\/\/expertosenaire.com\/en\/wp-json\/wp\/v2\/media?parent=1618"}],"wp:term":[{"taxonomy":"product_brand","embeddable":true,"href":"https:\/\/expertosenaire.com\/en\/wp-json\/wp\/v2\/product_brand?post=1618"},{"taxonomy":"product_cat","embeddable":true,"href":"https:\/\/expertosenaire.com\/en\/wp-json\/wp\/v2\/product_cat?post=1618"},{"taxonomy":"product_tag","embeddable":true,"href":"https:\/\/expertosenaire.com\/en\/wp-json\/wp\/v2\/product_tag?post=1618"}],"curies":[{"name":"wp","href":"https:\/\/api.w.org\/{rel}","templated":true}]}}